{"id":5,"date":"2013-11-03T12:00:37","date_gmt":"2013-11-03T11:00:37","guid":{"rendered":"https:\/\/arnaud-alessandrin.com\/site\/?page_id=5"},"modified":"2026-04-19T15:21:05","modified_gmt":"2026-04-19T14:21:05","slug":"rendez-vous","status":"publish","type":"page","link":"https:\/\/arnaud-alessandrin.com\/site\/rendez-vous\/","title":{"rendered":"Rendez-vous"},"content":{"rendered":"<p><img loading=\"lazy\" decoding=\"async\" class=\"size-medium wp-image-635 aligncenter\" src=\"https:\/\/arnaud-alessandrin.com\/site\/wp-content\/uploads\/Sans-mlml-324x300.png\" alt=\"\" width=\"324\" height=\"300\" srcset=\"https:\/\/arnaud-alessandrin.com\/site\/wp-content\/uploads\/Sans-mlml-324x300.png 324w, https:\/\/arnaud-alessandrin.com\/site\/wp-content\/uploads\/Sans-mlml.png 671w\" sizes=\"(max-width: 324px) 100vw, 324px\" \/><\/p>\n<p><strong>Calendrier des prochaines rencontres \/ conf\u00e9rences<\/strong><\/p>\n<p><strong>19 F\u00e9vrier<\/strong> : \u00ab\u00a0Minorit\u00e9s de genre et \u00e9cole\u00a0\u00bb (Acad\u00e9mie de Nancy)<\/p>\n<p><strong>03 Mars<\/strong> : \u00ab\u00a0Sociologie de Taylor Swift\u00a0\u00bb (Kedge Paris)<\/p>\n<p><strong>04 Mars<\/strong> : Table ronde \u00ab\u00a0Grossophobie\u00a0\u00bb (Minist\u00e8re de la sant\u00e9)<\/p>\n<p><strong>05 Mars<\/strong> : \u00ab\u00a0Accueillir les minorit\u00e9s de genre\u00a0\u00bb (D\u00e9partement de Moselle)<\/p>\n<p><strong>19 Mars<\/strong> : Seniors LGBTIQ &#8211; Webinaire, universit\u00e9 de Toulouse (fin : Dilcrah)<\/p>\n<p><strong>24 Mars<\/strong> : Series et minorit\u00e9s sexuelles de et de genre (Agrosup Montpellier)<\/p>\n<p><strong>02 Avril :\u00a0<\/strong>Travail social et minorit\u00e9s LGBT (ADES &#8211; Marmande)<\/p>\n<p><strong>07 Avril<\/strong> : \u00ab\u00a0Comme tu me vois\u00a0\u00bb (repr\u00e9sentation au Th\u00e9\u00e2tre Libre, Paris)<\/p>\n<p><strong>17 Avril<\/strong> : \u00ab\u00a0Accueillir les minorit\u00e9s de genre\u00a0\u00bb (TNS, Strasbourg)<\/p>\n<p><strong>27 Avril<\/strong> : Formation au d\u00e9partement de Moselle autour des questions de genre<\/p>\n<p><strong>04 Mai<\/strong> : Sociologie de Mylene Farmer (avec M. Toulze) (EHESS Paris)<\/p>\n<p><strong>05-06 Mai<\/strong> : Colloque \u00ab\u00a0De quelles peurs le genre est-il le nom?\u00a0\u00bb (Paris)<\/p>\n<p><strong>15 Mai<\/strong> : Conf\u00e9rence \u00ab\u00a0Transidentit\u00e9s : entre parents, professionnel.le.s et \u00e9l\u00e8ves\u00a0\u00bb (acad\u00e9mie de Cr\u00e9teil)<\/p>\n<p><strong>18 Mai<\/strong> : La sant\u00e9 mentale des jeunes LGBT (Webinaire; r\u00e9gion Nouvelle Aquitaine)<\/p>\n<p><strong>28 Mai<\/strong> : Teen series et programme EVARS (rectorat de Bordeaux)<\/p>\n<p><strong>02 Juin<\/strong> : Intervention au s\u00e9minaire Trames de l&rsquo;IRTS de Marmande sur la sant\u00e9 des jeunes LGBTIQ<\/p>\n<p><strong>12 Juin<\/strong> : Lecture de \u00ab\u00a0Comme tu vois\u00a0\u00bb au CHU de Bordeaux<\/p>\n<p><strong>16 Juin<\/strong> : Restitution de la recherche \u00ab\u00a0sentiment de discriminations\u00a0\u00bb (Bergerac)<\/p>\n","protected":false},"excerpt":{"rendered":"<p>Calendrier des prochaines rencontres \/ conf\u00e9rences 19 F\u00e9vrier : \u00ab\u00a0Minorit\u00e9s de genre et \u00e9cole\u00a0\u00bb (Acad\u00e9mie de Nancy) 03 Mars : \u00ab\u00a0Sociologie de Taylor Swift\u00a0\u00bb (Kedge Paris) 04 Mars : Table ronde \u00ab\u00a0Grossophobie\u00a0\u00bb (Minist\u00e8re de la sant\u00e9) 05 Mars : \u00ab\u00a0Accueillir &hellip; <a href=\"https:\/\/arnaud-alessandrin.com\/site\/rendez-vous\/\">Lire la suite <span class=\"meta-nav\">&rarr;<\/span><\/a><\/p>\n","protected":false},"author":1,"featured_media":0,"parent":0,"menu_order":3,"comment_status":"closed","ping_status":"closed","template":"","meta":{"footnotes":""},"aioseo_notices":[],"_links":{"self":[{"href":"https:\/\/arnaud-alessandrin.com\/site\/wp-json\/wp\/v2\/pages\/5"}],"collection":[{"href":"https:\/\/arnaud-alessandrin.com\/site\/wp-json\/wp\/v2\/pages"}],"about":[{"href":"https:\/\/arnaud-alessandrin.com\/site\/wp-json\/wp\/v2\/types\/page"}],"author":[{"embeddable":true,"href":"https:\/\/arnaud-alessandrin.com\/site\/wp-json\/wp\/v2\/users\/1"}],"replies":[{"embeddable":true,"href":"https:\/\/arnaud-alessandrin.com\/site\/wp-json\/wp\/v2\/comments?post=5"}],"version-history":[{"count":46,"href":"https:\/\/arnaud-alessandrin.com\/site\/wp-json\/wp\/v2\/pages\/5\/revisions"}],"predecessor-version":[{"id":1234,"href":"https:\/\/arnaud-alessandrin.com\/site\/wp-json\/wp\/v2\/pages\/5\/revisions\/1234"}],"wp:attachment":[{"href":"https:\/\/arnaud-alessandrin.com\/site\/wp-json\/wp\/v2\/media?parent=5"}],"curies":[{"name":"wp","href":"https:\/\/api.w.org\/{rel}","templated":true}]}}