{"id":9,"date":"2013-11-03T12:02:37","date_gmt":"2013-11-03T11:02:37","guid":{"rendered":"https:\/\/arnaud-alessandrin.com\/site\/?page_id=9"},"modified":"2026-04-09T09:32:11","modified_gmt":"2026-04-09T08:32:11","slug":"biographie","status":"publish","type":"page","link":"https:\/\/arnaud-alessandrin.com\/site\/biographie\/","title":{"rendered":"Biographie"},"content":{"rendered":"<p><a href=\"https:\/\/arnaud-alessandrin.com\/site\/wp-content\/uploads\/arnaud-alessandrin.png\"><img loading=\"lazy\" decoding=\"async\" class=\"size-medium wp-image-206 aligncenter\" src=\"https:\/\/arnaud-alessandrin.com\/site\/wp-content\/uploads\/arnaud-alessandrin-325x300.png\" alt=\"arnaud alessandrin\" width=\"237\" height=\"218\" srcset=\"https:\/\/arnaud-alessandrin.com\/site\/wp-content\/uploads\/arnaud-alessandrin-325x300.png 325w, https:\/\/arnaud-alessandrin.com\/site\/wp-content\/uploads\/arnaud-alessandrin-1024x942.png 1024w, https:\/\/arnaud-alessandrin.com\/site\/wp-content\/uploads\/arnaud-alessandrin.png 1046w\" sizes=\"(max-width: 237px) 100vw, 237px\" \/><\/a><\/p>\n<p style=\"text-align: justify;\">Arnaud Alessandrin (1990 &#8211; 20&#8230;) est docteur en sociologie de l\u2019universit\u00e9 de Bordeaux o\u00f9 il a soutenu sa th\u00e8se intitul\u00e9e \u00ab\u00a0<a href=\"https:\/\/journals.openedition.org\/genrehistoire\/1596\">Du &lsquo;transsexualisme&rsquo; aux devenirs trans<\/a>\u00a0\u00bb (2008-2012). Il y est actuellement charg\u00e9 de cours et enseigne la sociologie du genre et des discriminations. Il est l\u2019auteur de nombreux livres et articles sur le sujet des transidentit\u00e9s, du genre et des homophobies : \u00ab\u00a0<a href=\"http:\/\/www.editions-harmattan.fr\/index.asp?navig=catalogue&amp;obj=livre&amp;no=35900\">La transidentit\u00e9<\/a>\u00a0\u00bb (Harmattan, 2011) ; \u00ab\u00a0<a href=\"https:\/\/www.cairn.info\/revue-francaise-de-science-politique-2013-2-page-380.htm\">La transyclop\u00e9die<\/a>\u00a0\u00bb avec K.\u00a0 Espineira et M-Y. Thomas (Des ailes sur un tracteur, 2012) \u00ab\u00a0<a href=\"https:\/\/hal.archives-ouvertes.fr\/hal-00848124\">G\u00e9ographie des homophobies\u00a0<\/a>\u00bb ; avec Y. Raibaud (Armand Colin, 2013) ; \u00ab\u00a0<a href=\"https:\/\/hal.archives-ouvertes.fr\/hal-01918295\">Genre !\u00a0\u00bb<\/a>, avec B. E-Bellebeau, livre qui r\u00e9unit plus de 40 auteurs autour de 70 fiches sur le genre (Des ailes sur un tracteur, 2014) ; \u00ab\u00a0<a href=\"https:\/\/www.msha.fr\/msha\/publication.php?menu=affiche_auteur&amp;nom=ESPINEIRA&amp;prenom=Karine\">Sociologie de la transphobie<\/a>\u00a0\u00bb avec K. Espineira (MSHA, 2015). En 2017 il collabore avec M\u00e9lanie Bourdaa et publie \u00ab\u00a0<a href=\"https:\/\/www.teraedre.fr\/index.asp?navig=catalogue&amp;obj=livre&amp;no=53765&amp;razSqlClone=1\">Fan et Gender studies : la rencontre<\/a>\u00a0\u00bb\u00a0 (T\u00e9ra\u00e8dre, 2017). Une suite du livre est parue en 2019 chez le m\u00eame \u00e9diteur : \u00ab\u00a0<a href=\"https:\/\/www.teraedre.fr\/index.asp?navig=catalogue&amp;obj=livre&amp;no=62325&amp;razSqlClone=1\">Fan et Gender studies : le retour<\/a>\u00ab\u00a0. En 2018 et 2019 il poursuit ses \u00e9tudes sur les questions de genre et de sant\u00e9 et publie \u00ab\u00a0<a href=\"http:\/\/www.lecavalierbleu.com\/livre\/sociologie-des-transidentites\/\">Sociologie des transidentit\u00e9s<\/a>\u00a0\u00bb (Cavalier Bleu ed.), \u00ab\u00a0<a href=\"http:\/\/pum.univ-tlse2.fr\/~Parcours-de-sante-Parcours-de~.html\">Parcours de sant\u00e9 \/ parcours de genre<\/a>\u00a0\u00bb avec A. Meidani (PUM) et \u00ab\u00a0<a href=\"http:\/\/www.archivescontemporaines.com\/books\/9782813003232\">Actualit\u00e9 des trans studies<\/a>\u00a0\u00bb (EAC ed.). En 2020, aux \u00e9ditions Bord de l&rsquo;eau, il sort \u00ab\u00a0<a href=\"http:\/\/editionsbdl.com\/fr\/books\/sant-lgbt.-les-minorits-de-genre-et-de-sexualit-face-aux-soins\/792\/\">Sant\u00e9 LGBT<\/a>\u00a0\u00bb (livre collectif co-dirig\u00e9 avec J. Dagorn, A. Meidani, G. Richard et M. Toulze). Fin 2020, toujours avec Johanna Dagorn, il publie \u00ab\u00a0<a href=\"https:\/\/www.msha.fr\/msha\/publication.php?menu=detail&amp;id=P458&amp;categorie=3\">Quel est le r\u00f4le de la ville dans la lutte contre les discriminations<\/a> ?\u00a0\u00bb (MSHA ed.). En 2021 sort un nouveau recueil d&rsquo;articles sur le genre, \u00e9dit\u00e9s par les \u00e9ditions <a href=\"https:\/\/www.double-ponctuation.com\/a-venir\/\">double ponctuation<\/a> et se termine par la sortie du livre \u00ab\u00a0<a href=\"https:\/\/www.hobo-diffusion.com\/catalogue\/2730\/que-faire-de-nos-degouts\">Que faire de nos d\u00e9gouts?<\/a>\u00a0\u00bb (Eclisse ed.) avec Brigitte Esteve-Bellebeau et Rogelio Esteve. De nombreux autres articles sont disponibles <a href=\"https:\/\/hal.archives-ouvertes.fr\/search\/index\/q\/*\/authIdHal_s\/arnaud-alessandrin\">en ligne<\/a>.\u00a0 2023 d\u00e9bute avec la sortie de \u00ab\u00a0<a href=\"https:\/\/www.double-ponctuation.com\/produit\/discriminations-dans-la-ville\/\">Discriminations dans la ville<\/a>\u00a0\u00bb avec Johanna Dagorn, la r\u00e9\u00e9dition en poche \u00ab\u00a0<a href=\"http:\/\/www.lecavalierbleu.com\/livre\/sociologie-des-transidentites-2\/\">Sociologie des transidentit\u00e9s<\/a>\u00a0\u00bb et la publication d&rsquo;un livre sur les <a href=\"https:\/\/www.editionsbdl.com\/produit\/mariage-pour-tous-la-violence-dune-conquete\/\">10ans du mariage pour tous<\/a>. Fin 2023, \u00e0 la documentation fran\u00e7aise, Arnaud Alessandrin publie un petit livre autour des enjeux li\u00e9s aux mineurs trans : \u00ab\u00a0<a href=\"https:\/\/medias.vie-publique.fr\/data_storage_s3\/2023-08\/9782111578371_Extrait.pdf\">Jeunesse : de nouvelles identit\u00e9s de genre ?<\/a>\u00a0\u00bb . D\u00e9but 2024 il publie avec Marielle Toulze une \u00ab\u00a0<a href=\"https:\/\/arnaud-alessandrin.com\/site\/sociologie-de-mylene-farmer-janvier-2024\/\">Sociologie de Mylene Farmer<\/a>\u00a0\u00bb puis, en octobre 2024, un livre sur les \u00ab\u00a0<a href=\"https:\/\/www.double-ponctuation.com\/produit\/teen-series\/\">Teen series<\/a>\u00a0\u00bb avec notamment M\u00e9lanie Bourdaa. En juin 2025, Arnaud Alessandrin publie deux livres : le premier (un \u00ab\u00a0Petit guide du genre\u00a0\u00bb ed First) est co-\u00e9crit avec Johanna Dagorn : le second (\u00ab\u00a0Lutte contre l&rsquo;ob\u00e9sit\u00e9 \/ lutte contre la grossophobie\u00a0\u00bb ed Bord de l&rsquo;eau) est codirig\u00e9 avec B. Gatta-Cherifi, M. Monsaigeon Henri, M. Toulze, T. Bossy et A. Meidani. Debut 2026, il publie une \u00ab\u00a0Sociologie de Taylor Swift\u00a0\u00bb aux \u00e9ditions double ponctuation ainsi que le livre collective \u00ab\u00a0La sant\u00e9 mentale des jeunes queer\u00a0\u00bb avec J. Dagorn.<\/p>\n<p style=\"text-align: justify;\">A c\u00f4t\u00e9 de ses ouvrage, en 2013, Arnaud Alessandrin devient r\u00e9dacteur en chef de la revue \u00ab\u00a0Miroir \/ Miroirs\u00a0\u00bb dont il dirigera les num\u00e9ro 1 (\u00ab\u00a0Grindr mon amour\u00a0\u00bb, 2013) et 3 (\u00ab\u00a0Mariage pour tous : un an&#8230; et apr\u00e8s ?\u00a0\u00bb, 2014). La m\u00eame ann\u00e9e, il lance la revue \u00ab\u00a0Les cahiers de la transidentit\u00e9\u00a0\u00bb avec K. Espineira et M-Y. Thomas. Tous trois ont \u00e9galement cr\u00e9\u00e9 en 2011 l&rsquo;ODT (Observatoire Des Transidentit\u00e9s), interface d&rsquo;expertises et de visibilit\u00e9s trans. Apr\u00e8s avoir quitt\u00e9 l&rsquo;ODT en 2015, il est nomm\u00e9 avec Johanna Dagorn \u00e0 la direction de la nouvelle revue \u00ab\u00a0<a href=\"http:\/\/www.lescahiersdelalcd.com\/\">Les cahiers de la LCD -Lutte Contre les Discrimination<\/a>s\u00a0\u00bb en d\u00e9cembre 2015 (revue du CGET et de l&rsquo;ACSE). Tou.te.s deux dirigeront le premier num\u00e9ro intitul\u00e9 \u00ab\u00a0<a href=\"https:\/\/www.cairn.info\/revue-cahiers-de-la-lcd-lutte-contre-les-discriminations-2016-1.htm\">La ville face aux discriminations<\/a>\u00a0\u00bb (2016) ainsi que le premier Hors-S\u00e9rie de la revue, intitul\u00e9 \u00ab\u00a0<a href=\"https:\/\/www.cairn.info\/revue-cahiers-de-la-lcd-lutte-contre-les-discriminations-2018-HS1.htm\">Droits culturels et lutte contre les discriminations<\/a>\u00a0\u00bb (2018). En 2019 la revue sort son 10\u00e8me num\u00e9ro. En 2025, un <a href=\"https:\/\/calenda.org\/1199512\">colloque<\/a> f\u00eate les 10 ans de la revue.<\/p>\n<p style=\"text-align: justify;\">Enfin, les activit\u00e9s d&rsquo;Arnaud Alessandrin sont fortement ancr\u00e9es du c\u00f4t\u00e9 des recherches de terrain. Apr\u00e8s sa th\u00e8se sur <a href=\"https:\/\/www.cairn.info\/revue-sante-publique-2012-3-page-263.htm\">les transidentit\u00e9s<\/a> (2008-2012), il effectue une recherche sur <a href=\"https:\/\/www.cairn.info\/revue-sciences-sociales-et-sante-2017-1-page-41.htm\">la place du cancer dans les transitions trans<\/a> (2013-2014) puis r\u00e9alise une enqu\u00eate quantitative sur <a href=\"https:\/\/www.cairn.info\/revue-cahiers-du-genre-2016-1-page-193.htm\">la transphobie<\/a> avec K. Espineira (2014). Cette derni\u00e8re est r\u00e9compens\u00e9e par le prix Pierre Gu\u00e9nin (pour l&rsquo;\u00e9galit\u00e9 des droits). Apr\u00e8s avoir termin\u00e9 une recherche CNRS portant sur<a href=\"https:\/\/www.cairn.info\/revue-francaise-de-sociologie-2019-2-page-201.htm\"> l&rsquo;effet de la socialisation genr\u00e9e sur les parcours de sant\u00e9<\/a> (2014-2017) avec A. Meidani ainsi qu&rsquo;une recherche sur la sant\u00e9 des LGBTI (2017-2018), il s&rsquo;engage dans une \u00e9tude portant sur <a href=\"https:\/\/www.cairn.info\/revue-sante-publique-2019-5-page-693.htm\">les parcours de sant\u00e9 dans les Quartiers Prioritaires de la Ville<\/a> (Fondation de l&rsquo;Avenir, 2018). Il poursuit ses recherches autour des questions de sant\u00e9 \u00e0 travers une enqu\u00eate financ\u00e9e par l&rsquo;IRESP sur les l\u00e9sions c\u00e9r\u00e9brales (2018-2021) et sur le vieillir (2022-2025), toujours aux c\u00f4t\u00e9 d&rsquo;A. Meidani. Il lance, avec les CHU, l&rsquo;ARS et la r\u00e9gion de Nouvelle-Aquitaine une recherche sur les parcours bariatriques et la grossophobie (2021-2023) qu&rsquo;il poursuit en 2024. Entre 2024 et 2026, il travaille avec M\u00e9lanie Bourdaa sur les <a href=\"https:\/\/www.double-ponctuation.com\/produit\/teen-series\/\">Teen Series. <\/a>Toutes deux organisent la m\u00eame ann\u00e9e un congr\u00e8s de deux jours sur cette th\u00e9matique \u00e0 l&rsquo;universit\u00e9 de Bordeaux Montaigne et poursuivent leurs travaux sur la sant\u00e9 mentale des jeunes face aux series dans une recherche financ\u00e9e par le PEPR-ICCARE (2026-2027).<\/p>\n<p style=\"text-align: justify;\">Ses activit\u00e9s en termes de recherche-actions l&rsquo;am\u00e8nent en 2014 \u00e0 coordonner l&rsquo;Observatoire Bordelais de l&rsquo;Egalit\u00e9 (dispositif local de recherche et de veille sur les discriminations). Avec l&rsquo;association <a href=\"https:\/\/associationaresvi.fr\/\">ARESVI<\/a>, il codirige avec Johanna Dagorn de tr\u00e8s nombreuses recherches sur les femmes, leurs d\u00e9placements et leurs exp\u00e9riences de la discrimination (\u00e0 Poitiers, Limoges, Niort ou Angoul\u00eame entre 2015-2019), dont une pour la ville de Bordeaux qui re\u00e7oit le label \u00ab\u00a0Sexisme pas notre genre\u00a0\u00bb en 2016. De 2016 \u00e0 2017, il pilote une enqu\u00eate qualitative sur le sentiment de discrimination dans les Quartiers Prioritaires de la Ville. En 2018-2019 il lance, toujours avec Johanna Dagorn et l&rsquo;Observatoire Bordelais de l&rsquo;Egalit\u00e9, une nouvelle enqu\u00eate sur la place des LGBTI dans la ville. Tou.te.s deux re\u00e7oivent en 2018 un troph\u00e9e d&rsquo;honneur de la ville de Bordeaux pour leurs recherches et continuent de s&rsquo;engager aupr\u00e8s de municipalit\u00e9s et pr\u00e9f\u00e9ectures dans la mesure des discriminations (notamment M\u00e9rignac et Rennes en 2019 et 2024, Pau en 2020 ainsi que Bordeaux M\u00e9tropole en 2021-2024, Maubeuge et la Seine St Denis en 2023-2024). En parall\u00e8le, il s\u2019int\u00e9resse au <a href=\"https:\/\/arnaud-alessandrin.com\/site\/etre-temoin\/\">le r\u00f4le des t\u00e9moins<\/a> en situation de discrimination avec J. Dagorn. En 2024 il s&rsquo;engage avec ARESVI dans une recherche sur les \u00ab\u00a0\u00e9v\u00e8nements\u00a0\u00bb de juillet 2023 dans les banlieues fran\u00e7aises. En 2025, deux enqu\u00eates parall\u00e8les sont mises en place : l&rsquo;une soutenue par la DILCRAH portant sur la sant\u00e9 mentale des jeunes LGBTQIA+ (l&rsquo;enqu\u00eate est restitu\u00e9e le 13 mai \u00e0 l&rsquo;universit\u00e9 de Toulouse Jean Jaures) ; l&rsquo;autre soutenue par RURA sur les jeunes LGBTQIA+ en milieu rural (l&rsquo;enqu\u00eate est reproduite en 2026 autour des seniors LGBTIQ). En 2025-2026, les villes de Bordeaux et Bergerac font appel \u00e0 ARESVI pour des enqu\u00eates de victimation. En 2026, toujours avec Johanna Dagorn, il explore les parcours de sant\u00e9 des seniors LGBTIQ (avec un financement DILCRAH) et la sant\u00e9 mentale des jeunes LGBTIQ fac \u00e0 leurs soutiens familiaux (financement CNAF).<\/p>\n<p style=\"text-align: justify;\">A c\u00f4t\u00e9 de ces activit\u00e9s, Arnaud Alessandrin monte en 2009 l&rsquo;Exposition photographique \u00ab\u00a0Tina\u00a0\u00bb \u00e0 la Maison des femmes de Bordeaux. Cette s\u00e9rie sera publi\u00e9e en annexe dans son premier livre \u00ab\u00a0La transidentit\u00e9\u00a0\u00bb (Harmattan, 2010) et sera expos\u00e9 \u00e0 la Galerie Christina (Bordeaux, 2010) et aux rencontres de la photographie de Rennes (2011). En 2012 il propose une lecture crois\u00e9e des \u0153uvres \u00ab\u00a0Mes parents\u00a0\u00bb d&rsquo;Herv\u00e9 Guibert et \u00ab\u00a0Retour \u00e0 Reims\u00a0\u00bb de Didier Eribon \u00e0 la Manufacture Atlantique (Bordeaux). En 2015-21016, il co-cr\u00e9e le site \u00ab\u00a0<a href=\"https:\/\/www.youtube.com\/channel\/UCtxQaSWnrMMLuniZOufzbfw\">Vivre mon genre\u00a0\u00bb<\/a>, compos\u00e9 de vid\u00e9os et de t\u00e9moignages \u00e0 destination des mineurs trans. En 2017, il participe aux conf\u00e9rences TedX avec Johanna Dagorn pour une intervention intitul\u00e9e <a href=\"https:\/\/www.youtube.com\/watch?v=k3wWzKkia0E\">\u00ab\u00a0Harceler n&rsquo;est pas jouer\u00a0\u00bb<\/a>. En 2018, il co-sc\u00e9narise avec Johanna Dagorn, la bande dessin\u00e9e \u00ab\u00a0Lou ou une chronique du sexisme ordinaire\u00a0\u00bb (sur des dessins de C. Lemaire) qui sera expos\u00e9e \u00e0 la fondation EDF en Juin de la m\u00eame ann\u00e9e. Toujours en 2018, il travaille aux c\u00f4t\u00e9s de D. Bob\u00e9e et R. Cheneau dans l&rsquo;\u00e9criture du feuilleton \u00ab\u00a0<a href=\"http:\/\/www.festival-avignon.com\/fr\/spectacles\/2018\/mesdames-messieurs-et-le-reste-du-monde\">Mesdames, messieurs et le reste du monde<\/a>\u00a0\u00bb pour le Festival d&rsquo;Avignon, pi\u00e8ces qui seront reprises au th\u00e9\u00e2tre national de Rouen en 2019. En 2019-2020 il accompagne le metteur en sc\u00e8ne D. Gauchard pour son spectacle \u00ab\u00a0<a href=\"http:\/\/www.unijambiste.com\/\">Nu\u00a0\u00bb<\/a>. Le spectacle sera jou\u00e9 \u00e0 Avignon en Juillet 2020 -festival annul\u00e9 pour cause de Coronavirus et reprogramm\u00e9 en 2021. En 2022 se joue \u00ab\u00a0<a href=\"https:\/\/www.tnba.org\/evenements\/herculine-barbin-archeologie-dune-revolution\">Herculine Barbin<\/a>\u00a0\u00bb au TNBA (sous la dir. de C. Marnas) spectacle pour lequel il est conseiller artistique. en 2023, il co-\u00e9crit et publie \u00ab\u00a0<a href=\"https:\/\/arnaud-alessandrin.com\/site\/comme-tu-me-vois-theatre\/\">Comme tu me vois<\/a>\u00ab\u00a0, une pi\u00e8ce sur la grossophobie. En 2025 la piece est jou\u00e9e au festival d&rsquo;Avignon (au train bleu).<\/p>\n<p>Enfin, entre 2019 et 2023, Arnaud Alessandrin est membre du conseil scientifique de la DILCRAH (D\u00e9l\u00e9gation Interminist\u00e9rielle de Lutte Contre le Racisme, l&rsquo;Antis\u00e9mitisme et la Haine anti-LGBTphobe).<\/p>\n<p>En 2020, France 3 lui consacre un reportage dans le cadre de la s\u00e9rie de portraits \u00ab\u00a0<a href=\"https:\/\/www.youtube.com\/watch?v=MPAtbiz_rb8\">La parole lib\u00e9r\u00e9e<\/a>\u00ab\u00a0.<\/p>\n<p>En 2025 il dirige la collection \u00ab\u00a0Autour du genre\u00a0\u00bb pour les \u00e9ditions Bord de l&rsquo;eau.<\/p>\n<p><span style=\"border-radius: 2px; text-indent: 20px; width: auto; padding: 0px 4px 0px 0px; text-align: center; font: bold 11px\/20px 'Helvetica Neue',Helvetica,sans-serif; color: #ffffff; background: #bd081c no-repeat scroll 3px 50% \/ 14px 14px; position: absolute; opacity: 1; z-index: 8675309; display: none; cursor: pointer;\">Enregistrer<\/span><\/p>\n<p><span style=\"border-radius: 2px; text-indent: 20px; width: auto; padding: 0px 4px 0px 0px; text-align: center; font: bold 11px\/20px 'Helvetica Neue',Helvetica,sans-serif; color: #ffffff; background: #bd081c no-repeat scroll 3px 50% \/ 14px 14px; position: absolute; opacity: 1; z-index: 8675309; display: none; cursor: pointer;\">Enregistrer<\/span><\/p>\n<p><span style=\"border-radius: 2px; text-indent: 20px; width: auto; padding: 0px 4px 0px 0px; text-align: center; font: bold 11px\/20px 'Helvetica Neue',Helvetica,sans-serif; color: #ffffff; background: #bd081c no-repeat scroll 3px 50% \/ 14px 14px; position: absolute; opacity: 1; z-index: 8675309; display: none; cursor: pointer;\">Enregistrer<\/span><\/p>\n","protected":false},"excerpt":{"rendered":"<p>Arnaud Alessandrin (1990 &#8211; 20&#8230;) est docteur en sociologie de l\u2019universit\u00e9 de Bordeaux o\u00f9 il a soutenu sa th\u00e8se intitul\u00e9e \u00ab\u00a0Du &lsquo;transsexualisme&rsquo; aux devenirs trans\u00a0\u00bb (2008-2012). Il y est actuellement charg\u00e9 de cours et enseigne la sociologie du genre et &hellip; <a href=\"https:\/\/arnaud-alessandrin.com\/site\/biographie\/\">Lire la suite <span class=\"meta-nav\">&rarr;<\/span><\/a><\/p>\n","protected":false},"author":1,"featured_media":0,"parent":0,"menu_order":1,"comment_status":"closed","ping_status":"closed","template":"","meta":{"footnotes":""},"aioseo_notices":[],"_links":{"self":[{"href":"https:\/\/arnaud-alessandrin.com\/site\/wp-json\/wp\/v2\/pages\/9"}],"collection":[{"href":"https:\/\/arnaud-alessandrin.com\/site\/wp-json\/wp\/v2\/pages"}],"about":[{"href":"https:\/\/arnaud-alessandrin.com\/site\/wp-json\/wp\/v2\/types\/page"}],"author":[{"embeddable":true,"href":"https:\/\/arnaud-alessandrin.com\/site\/wp-json\/wp\/v2\/users\/1"}],"replies":[{"embeddable":true,"href":"https:\/\/arnaud-alessandrin.com\/site\/wp-json\/wp\/v2\/comments?post=9"}],"version-history":[{"count":58,"href":"https:\/\/arnaud-alessandrin.com\/site\/wp-json\/wp\/v2\/pages\/9\/revisions"}],"predecessor-version":[{"id":1225,"href":"https:\/\/arnaud-alessandrin.com\/site\/wp-json\/wp\/v2\/pages\/9\/revisions\/1225"}],"wp:attachment":[{"href":"https:\/\/arnaud-alessandrin.com\/site\/wp-json\/wp\/v2\/media?parent=9"}],"curies":[{"name":"wp","href":"https:\/\/api.w.org\/{rel}","templated":true}]}}